{"id":1924,"date":"2018-11-19T04:56:03","date_gmt":"2018-11-19T04:56:03","guid":{"rendered":"http:\/\/192.168.0.250\/business\/?page_id=1924"},"modified":"2024-12-26T10:49:32","modified_gmt":"2024-12-26T10:49:32","slug":"contact-us","status":"publish","type":"page","link":"https:\/\/certificatepros.com\/fr\/nous-contacter\/","title":{"rendered":"Nous contacter"},"content":{"rendered":"<div id=\"rs-contact\" class=\"vc_row wpb_row vc_row-fluid vc_custom_1543840983283\"><div class=\"wpb_column vc_column_container vc_col-sm-12\"><div class=\"vc_column-inner\"><div class=\"wpb_wrapper\">\r\n        <div class=\"rs-heading   vc_custom_1559810055604  text-center\">\r\n        \t<div class=\"title-inner\">\r\n\t            \r\n\t            <h2 class=\"title\">Contact<\/h2>\r\n\t            \r\n\t        <\/div><div class=\"description\"><p >Vous pouvez t\u00e9l\u00e9phoner, envoyer un SMS, un WhatsApp ou une adresse \u00e9lectronique.<\/p><\/div><\/div>\r\n       <div class=\"rs-contact\">\r\n        <div class=\"contact-address   vc_custom_1735210170283 text-center style2\"><div class=\"address-item\">\r\n                <div class=\"address-icon\">\r\n                    <i class=\"icon icon-basic-smartphone\"><\/i>\r\n                <\/div>\r\n                <div class=\"address-text\">\r\n                    <h3 class=\"contact-title\">Nous contacter par WhatsApp<\/h3>\r\n                    <a href= \"tel:  447831833593\">+447831833593<\/a>\r\n                <\/div>\r\n            <\/div><div class=\"address-item\">\r\n                    <div class=\"address-icon\">\r\n                        <i class=\"icon icon-basic-mail-multiple\"><\/i>\r\n                    <\/div>\r\n                    <div class=\"address-text\">\r\n                        <h3 class=\"contact-title\">Nous envoyer un courrier<\/h3>\r\n                        <a href= \"mailto:contact@certificatepros.com\">contact@certificatepros.com<\/a>                   \r\n                    <\/div>\r\n                <\/div><div class=\"address-item\">\r\n                    <div class=\"address-icon\">\r\n                        <i class=\"icon icon-basic-geolocalize-01\"><\/i>\r\n                    <\/div>\r\n                    <div class=\"address-text\">\r\n                        <h3 class=\"contact-title\">Adresse<\/h3>\r\n                        3107 Doctors Drive, Los Angeles, Californie, \u00c9tats-Unis\r\n                    <\/div>\r\n                <\/div><\/div><\/div>\r\n        <div class=\"rs-heading\">\r\n        \t<div class=\"title-inner\">\r\n\t            \r\n\t            \r\n\t            \r\n\t        <\/div><\/div><\/div><\/div><\/div><\/div><div data-vc-full-width=\"true\" data-vc-full-width-init=\"false\" class=\"vc_row wpb_row vc_row-fluid vc_custom_1543914527865 vc_row-has-fill\"><div class=\"wpb_column vc_column_container vc_col-sm-1\"><div class=\"vc_column-inner\"><div class=\"wpb_wrapper\"><\/div><\/div><\/div><div class=\"wpb_column vc_column_container vc_col-sm-10\"><div class=\"vc_column-inner\"><div class=\"wpb_wrapper\">\r\n        <div class=\"rs-heading   vc_custom_1559810161267  text-center\">\r\n        \t<div class=\"title-inner\">\r\n\t            \r\n\t            <h2 class=\"title\">Prendre contact<\/h2>\r\n\t            \r\n\t        <\/div><div class=\"description\"><p >Notre objectif est de r\u00e9pondre \u00e0 toutes les demandes dans les 48 heures. Lorsque nous recevons un grand nombre d'appels et de messages, notre r\u00e9ponse peut \u00eatre retard\u00e9e. Nous vous remercions de votre patience et de votre compr\u00e9hension.<\/p><\/div><\/div>\n<div class=\"wpcf7 no-js\" id=\"wpcf7-f1926-o1\" lang=\"en-US\" dir=\"ltr\">\n<div class=\"screen-reader-response\"><p role=\"status\" aria-live=\"polite\" aria-atomic=\"true\"><\/p> <ul><\/ul><\/div>\n<form action=\"\/fr\/wp-json\/wp\/v2\/pages\/1924#wpcf7-f1926-o1\" method=\"post\" class=\"wpcf7-form init\" aria-label=\"Contact form\" novalidate=\"novalidate\" data-status=\"init\" data-trp-original-action=\"\/fr\/wp-json\/wp\/v2\/pages\/1924#wpcf7-f1926-o1\">\n<div style=\"display: none;\">\n<input type=\"hidden\" name=\"_wpcf7\" value=\"1926\" \/>\n<input type=\"hidden\" name=\"_wpcf7_version\" value=\"5.9.4\" \/>\n<input type=\"hidden\" name=\"_wpcf7_locale\" value=\"en_US\" \/>\n<input type=\"hidden\" name=\"_wpcf7_unit_tag\" value=\"wpcf7-f1926-o1\" \/>\n<input type=\"hidden\" name=\"_wpcf7_container_post\" value=\"0\" \/>\n<input type=\"hidden\" name=\"_wpcf7_posted_data_hash\" value=\"\" \/>\n<\/div>\n<div class=\"contact-page1 row\">\n\t<div class=\"col-sm-6\">\n\t\t<p><span class=\"wpcf7-form-control-wrap\" data-name=\"your-name\"><input size=\"40\" class=\"wpcf7-form-control wpcf7-text wpcf7-validates-as-required\" aria-required=\"true\" aria-invalid=\"false\" placeholder=\"Nom\" value=\"\" type=\"text\" name=\"your-name\" \/><\/span>\n\t\t<\/p>\n\t<\/div>\n\t<div class=\"col-sm-6\">\n\t\t<p><span class=\"wpcf7-form-control-wrap\" data-name=\"your-email\"><input size=\"40\" class=\"wpcf7-form-control wpcf7-email wpcf7-validates-as-required wpcf7-text wpcf7-validates-as-email\" aria-required=\"true\" aria-invalid=\"false\" placeholder=\"Courrier \u00e9lectronique\" value=\"\" type=\"email\" name=\"your-email\" \/><\/span>\n\t\t<\/p>\n\t<\/div>\n\t<div class=\"col-sm-6\">\n\t\t<p><span class=\"wpcf7-form-control-wrap\" data-name=\"your-phone\"><input size=\"40\" class=\"wpcf7-form-control wpcf7-text wpcf7-validates-as-required\" aria-required=\"true\" aria-invalid=\"false\" placeholder=\"Num\u00e9ro de t\u00e9l\u00e9phone\" value=\"\" type=\"text\" name=\"your-phone\" \/><\/span>\n\t\t<\/p>\n\t<\/div>\n\t<div class=\"col-sm-6\">\n\t\t<p><span class=\"wpcf7-form-control-wrap\" data-name=\"your-subject\"><input size=\"40\" class=\"wpcf7-form-control wpcf7-text wpcf7-validates-as-required\" aria-required=\"true\" aria-invalid=\"false\" placeholder=\"Sujet\" value=\"\" type=\"text\" name=\"your-subject\" \/><\/span>\n\t\t<\/p>\n\t<\/div>\n\t<div class=\"col-sm-12\">\n\t\t<p><span class=\"wpcf7-form-control-wrap\" data-name=\"your-message\"><textarea cols=\"40\" rows=\"10\" class=\"wpcf7-form-control wpcf7-textarea\" aria-invalid=\"false\" placeholder=\"Votre message ici\" name=\"your-message\"><\/textarea><\/span>\n\t\t<\/p>\n\t<\/div>\n\t<div class=\"form-button col-sm-12\">\n\t\t<p class=\"submit-btn\"><input class=\"wpcf7-form-control wpcf7-submit has-spinner\" type=\"submit\" value=\"Soumettre\" \/><i class=\"fa fa-chevron-right\"><\/i>\n\t\t<\/p>\n\t<\/div>\n<\/div><input type='hidden' class='wpcf7-pum' value='{\"closepopup\":false,\"closedelay\":0,\"openpopup\":false,\"openpopup_id\":0}' \/><div class=\"wpcf7-response-output\" aria-hidden=\"true\"><\/div>\n<input type=\"hidden\" name=\"trp-form-language\" value=\"fr\"\/><\/form>\n<\/div>\n<\/div><\/div><\/div><div class=\"wpb_column vc_column_container vc_col-sm-1\"><div class=\"vc_column-inner\"><div class=\"wpb_wrapper\"><\/div><\/div><\/div><\/div><div class=\"vc_row-full-width vc_clearfix\"><\/div><div id=\"google-map\" data-vc-full-width=\"true\" data-vc-full-width-init=\"false\" data-vc-stretch-content=\"true\" class=\"vc_row wpb_row vc_row-fluid google-map vc_custom_1543392580935 vc_row-no-padding\"><div class=\"wpb_column vc_column_container vc_col-sm-12\"><div class=\"vc_column-inner vc_custom_1543910139263\"><div class=\"wpb_wrapper\"><div class=\"wpb_gmaps_widget wpb_content_element vc_custom_1559810220910\" >\n\t\t<div class=\"wpb_wrapper\">\n\t\t<div class=\"wpb_map_wraper\">\n\t\t\t<iframe loading=\"lazy\" src=\"https:\/\/www.google.com\/maps\/embed?pb=!1m18!1m12!1m3!1d423283.43556854007!2d-118.69193128882294!3d34.020730494168454!2m3!1f0!2f0!3f0!3m2!1i1024!2i768!4f13.1!3m3!1m2!1s0x80c2c75ddc27da13%3A0xe22fdf6f254608f4!2sLos+Angeles%2C+CA%2C+USA!5e0!3m2!1sen!2sin!4v1559810206852!5m2!1sen!2sin\" width=\"600\" height=\"500\" frameborder=\"0\" style=\"border:0\" allowfullscreen><\/iframe>\t\t<\/div>\n\t<\/div>\n<\/div>\n<\/div><\/div><\/div><\/div><div class=\"vc_row-full-width vc_clearfix\"><\/div>","protected":false},"excerpt":{"rendered":"Contact Info You can directly call\/text\/whatsapp or email address. WhatsApp us +447831833593 Mail Us contact@certificatepros.com Address 3107 Doctors Drive, Los Angeles, California, [...]","protected":false},"author":1,"featured_media":0,"parent":0,"menu_order":0,"comment_status":"closed","ping_status":"closed","template":"","meta":{"_joinchat":[],"footnotes":""},"yoast_head":"<!-- This site is optimized with the Yoast SEO plugin v22.7 - https:\/\/yoast.com\/wordpress\/plugins\/seo\/ -->\n<title>Contact Us - Certificate Pros<\/title>\n<meta name=\"robots\" content=\"index, follow, max-snippet:-1, max-image-preview:large, max-video-preview:-1\" \/>\n<link rel=\"canonical\" href=\"https:\/\/certificatepros.com\/fr\/nous-contacter\/\" \/>\n<meta property=\"og:locale\" content=\"fr_FR\" \/>\n<meta property=\"og:type\" content=\"article\" \/>\n<meta property=\"og:title\" content=\"Contact Us - Certificate Pros\" \/>\n<meta property=\"og:url\" content=\"https:\/\/certificatepros.com\/fr\/nous-contacter\/\" \/>\n<meta property=\"og:site_name\" content=\"Certificate Pros\" \/>\n<meta property=\"article:modified_time\" content=\"2024-12-26T10:49:32+00:00\" \/>\n<meta name=\"twitter:card\" content=\"summary_large_image\" \/>\n<meta name=\"twitter:label1\" content=\"Dur\u00e9e de lecture est.\" \/>\n\t<meta name=\"twitter:data1\" content=\"1 minute\" \/>\n<script type=\"application\/ld+json\" class=\"yoast-schema-graph\">{\"@context\":\"https:\/\/schema.org\",\"@graph\":[{\"@type\":\"WebPage\",\"@id\":\"https:\/\/certificatepros.com\/contact-us\/\",\"url\":\"https:\/\/certificatepros.com\/contact-us\/\",\"name\":\"Contact Us - Certificate Pros\",\"isPartOf\":{\"@id\":\"https:\/\/certificatepros.com\/#website\"},\"datePublished\":\"2018-11-19T04:56:03+00:00\",\"dateModified\":\"2024-12-26T10:49:32+00:00\",\"breadcrumb\":{\"@id\":\"https:\/\/certificatepros.com\/contact-us\/#breadcrumb\"},\"inLanguage\":\"fr-BE\",\"potentialAction\":[{\"@type\":\"ReadAction\",\"target\":[\"https:\/\/certificatepros.com\/contact-us\/\"]}]},{\"@type\":\"BreadcrumbList\",\"@id\":\"https:\/\/certificatepros.com\/contact-us\/#breadcrumb\",\"itemListElement\":[{\"@type\":\"ListItem\",\"position\":1,\"name\":\"Home\",\"item\":\"https:\/\/certificatepros.com\/\"},{\"@type\":\"ListItem\",\"position\":2,\"name\":\"Contact Us\"}]},{\"@type\":\"WebSite\",\"@id\":\"https:\/\/certificatepros.com\/#website\",\"url\":\"https:\/\/certificatepros.com\/\",\"name\":\"Certificate Pros\",\"description\":\"\",\"potentialAction\":[{\"@type\":\"SearchAction\",\"target\":{\"@type\":\"EntryPoint\",\"urlTemplate\":\"https:\/\/certificatepros.com\/?s={search_term_string}\"},\"query-input\":\"required name=search_term_string\"}],\"inLanguage\":\"fr-BE\"}]}<\/script>\n<!-- \/ Yoast SEO plugin. -->","yoast_head_json":{"title":"Contact Us - Certificate Pros","robots":{"index":"index","follow":"follow","max-snippet":"max-snippet:-1","max-image-preview":"max-image-preview:large","max-video-preview":"max-video-preview:-1"},"canonical":"https:\/\/certificatepros.com\/fr\/nous-contacter\/","og_locale":"fr_FR","og_type":"article","og_title":"Contact Us - Certificate Pros","og_url":"https:\/\/certificatepros.com\/fr\/nous-contacter\/","og_site_name":"Certificate Pros","article_modified_time":"2024-12-26T10:49:32+00:00","twitter_card":"summary_large_image","twitter_misc":{"Dur\u00e9e de lecture est.":"1 minute"},"schema":{"@context":"https:\/\/schema.org","@graph":[{"@type":"WebPage","@id":"https:\/\/certificatepros.com\/contact-us\/","url":"https:\/\/certificatepros.com\/contact-us\/","name":"Contact Us - Certificate Pros","isPartOf":{"@id":"https:\/\/certificatepros.com\/#website"},"datePublished":"2018-11-19T04:56:03+00:00","dateModified":"2024-12-26T10:49:32+00:00","breadcrumb":{"@id":"https:\/\/certificatepros.com\/contact-us\/#breadcrumb"},"inLanguage":"fr-BE","potentialAction":[{"@type":"ReadAction","target":["https:\/\/certificatepros.com\/contact-us\/"]}]},{"@type":"BreadcrumbList","@id":"https:\/\/certificatepros.com\/contact-us\/#breadcrumb","itemListElement":[{"@type":"ListItem","position":1,"name":"Home","item":"https:\/\/certificatepros.com\/"},{"@type":"ListItem","position":2,"name":"Contact Us"}]},{"@type":"WebSite","@id":"https:\/\/certificatepros.com\/#website","url":"https:\/\/certificatepros.com\/","name":"Certificate Pros","description":"","potentialAction":[{"@type":"SearchAction","target":{"@type":"EntryPoint","urlTemplate":"https:\/\/certificatepros.com\/?s={search_term_string}"},"query-input":"required name=search_term_string"}],"inLanguage":"fr-BE"}]}},"_links":{"self":[{"href":"https:\/\/certificatepros.com\/fr\/wp-json\/wp\/v2\/pages\/1924"}],"collection":[{"href":"https:\/\/certificatepros.com\/fr\/wp-json\/wp\/v2\/pages"}],"about":[{"href":"https:\/\/certificatepros.com\/fr\/wp-json\/wp\/v2\/types\/page"}],"author":[{"embeddable":true,"href":"https:\/\/certificatepros.com\/fr\/wp-json\/wp\/v2\/users\/1"}],"replies":[{"embeddable":true,"href":"https:\/\/certificatepros.com\/fr\/wp-json\/wp\/v2\/comments?post=1924"}],"version-history":[{"count":9,"href":"https:\/\/certificatepros.com\/fr\/wp-json\/wp\/v2\/pages\/1924\/revisions"}],"predecessor-version":[{"id":4409,"href":"https:\/\/certificatepros.com\/fr\/wp-json\/wp\/v2\/pages\/1924\/revisions\/4409"}],"wp:attachment":[{"href":"https:\/\/certificatepros.com\/fr\/wp-json\/wp\/v2\/media?parent=1924"}],"curies":[{"name":"wp","href":"https:\/\/api.w.org\/{rel}","templated":true}]}}